{"id":1142,"date":"2022-03-22T15:02:56","date_gmt":"2022-03-22T15:02:56","guid":{"rendered":"https:\/\/www.latruitestavelotmalmedy.be\/of-our-time\/"},"modified":"2026-03-09T07:34:30","modified_gmt":"2026-03-09T07:34:30","slug":"of-our-time","status":"publish","type":"page","link":"https:\/\/www.latruitestavelotmalmedy.be\/en\/of-our-time\/","title":{"rendered":"Nowadays"},"content":{"rendered":"\n<p>Our fishing club is managed by a 17-member volunteer committee. This dynamic team aims to offer everyone the chance to enjoy their favorite pastime in the best possible conditions: active participation in the <a href=\"https:\/\/web.archive.org\/web\/20210117085353\/http:\/\/www.peche-ambleve.be\/\" target=\"_blank\" rel=\"noreferrer noopener\">FHPA<\/a> (f\u00e9d\u00e9ration halieutique et piscicole du sous bassin de l&#8217; Ambl\u00e8ve), joint courses and events with the P\u00eacheurs R\u00e9unis de Basse-Bodeux-Coo-Trois-Ponts, support from the towns of Stavelot and Malmedy and their tourist offices, investment in the &#8220;Ambl\u00e8ve&#8221; trout stocking program at the provincial hatchery, river improvement work&#8230; <\/p>\n\n<p><strong>And all things considered, it works!<\/strong><br\/>Over 600 annual members put their trust in us every year, with an average of 380 &#8220;NO-KILL&#8221;, &#8220;150 all techniques&#8221; and 80 &#8220;junior&#8221; members on the river, plus some 150 members on the ponds.<\/p>\n\n<figure class=\"wp-block-gallery has-nested-images columns-default is-cropped wp-block-gallery-1 is-layout-flex wp-block-gallery-is-layout-flex\">\n<figure class=\"wp-block-image size-large\"><img fetchpriority=\"high\" decoding=\"async\" width=\"1024\" height=\"683\" data-id=\"536\" src=\"https:\/\/www.latruitestavelotmalmedy.be\/wp-content\/uploads\/2021\/05\/mathias-mouche-2-1024x683.jpg\" alt=\"\" class=\"wp-image-536\" srcset=\"https:\/\/www.latruitestavelotmalmedy.be\/wp-content\/uploads\/2021\/05\/mathias-mouche-2-1024x683.jpg 1024w, https:\/\/www.latruitestavelotmalmedy.be\/wp-content\/uploads\/2021\/05\/mathias-mouche-2-300x200.jpg 300w, https:\/\/www.latruitestavelotmalmedy.be\/wp-content\/uploads\/2021\/05\/mathias-mouche-2-768x512.jpg 768w, https:\/\/www.latruitestavelotmalmedy.be\/wp-content\/uploads\/2021\/05\/mathias-mouche-2-1536x1024.jpg 1536w, https:\/\/www.latruitestavelotmalmedy.be\/wp-content\/uploads\/2021\/05\/mathias-mouche-2-2048x1366.jpg 2048w, https:\/\/www.latruitestavelotmalmedy.be\/wp-content\/uploads\/2021\/05\/mathias-mouche-2-219x146.jpg 219w, https:\/\/www.latruitestavelotmalmedy.be\/wp-content\/uploads\/2021\/05\/mathias-mouche-2-50x33.jpg 50w, https:\/\/www.latruitestavelotmalmedy.be\/wp-content\/uploads\/2021\/05\/mathias-mouche-2-112x75.jpg 112w\" sizes=\"(max-width: 1024px) 100vw, 1024px\" \/><figcaption class=\"wp-element-caption\">Fario Ambl\u00e8ve 2021<\/figcaption><\/figure>\n\n\n\n<figure class=\"wp-block-image size-large\"><img decoding=\"async\" width=\"1024\" height=\"1024\" data-id=\"566\" src=\"https:\/\/www.latruitestavelotmalmedy.be\/wp-content\/uploads\/2022\/02\/Thomas-2021-fario-65-Ambleve-1024x1024.jpg\" alt=\"\" class=\"wp-image-566\" srcset=\"https:\/\/www.latruitestavelotmalmedy.be\/wp-content\/uploads\/2022\/02\/Thomas-2021-fario-65-Ambleve-1024x1024.jpg 1024w, https:\/\/www.latruitestavelotmalmedy.be\/wp-content\/uploads\/2022\/02\/Thomas-2021-fario-65-Ambleve-300x300.jpg 300w, https:\/\/www.latruitestavelotmalmedy.be\/wp-content\/uploads\/2022\/02\/Thomas-2021-fario-65-Ambleve-150x150.jpg 150w, https:\/\/www.latruitestavelotmalmedy.be\/wp-content\/uploads\/2022\/02\/Thomas-2021-fario-65-Ambleve-768x768.jpg 768w, https:\/\/www.latruitestavelotmalmedy.be\/wp-content\/uploads\/2022\/02\/Thomas-2021-fario-65-Ambleve-146x146.jpg 146w, https:\/\/www.latruitestavelotmalmedy.be\/wp-content\/uploads\/2022\/02\/Thomas-2021-fario-65-Ambleve-50x50.jpg 50w, https:\/\/www.latruitestavelotmalmedy.be\/wp-content\/uploads\/2022\/02\/Thomas-2021-fario-65-Ambleve-75x75.jpg 75w, https:\/\/www.latruitestavelotmalmedy.be\/wp-content\/uploads\/2022\/02\/Thomas-2021-fario-65-Ambleve-85x85.jpg 85w, https:\/\/www.latruitestavelotmalmedy.be\/wp-content\/uploads\/2022\/02\/Thomas-2021-fario-65-Ambleve-80x80.jpg 80w, https:\/\/www.latruitestavelotmalmedy.be\/wp-content\/uploads\/2022\/02\/Thomas-2021-fario-65-Ambleve.jpg 1299w\" sizes=\"(max-width: 1024px) 100vw, 1024px\" \/><figcaption class=\"wp-element-caption\">Fario 65 cm Ambl\u00e8ve 2021<\/figcaption><\/figure>\n\n\n\n<figure class=\"wp-block-image size-full\"><img decoding=\"async\" width=\"1462\" height=\"1021\" data-id=\"2014\" src=\"https:\/\/www.latruitestavelotmalmedy.be\/wp-content\/uploads\/2026\/02\/fario-60-Lucas-2025.jpg\" alt=\"\" class=\"wp-image-2014\" srcset=\"https:\/\/www.latruitestavelotmalmedy.be\/wp-content\/uploads\/2026\/02\/fario-60-Lucas-2025.jpg 1462w, https:\/\/www.latruitestavelotmalmedy.be\/wp-content\/uploads\/2026\/02\/fario-60-Lucas-2025-300x210.jpg 300w, https:\/\/www.latruitestavelotmalmedy.be\/wp-content\/uploads\/2026\/02\/fario-60-Lucas-2025-1024x715.jpg 1024w, https:\/\/www.latruitestavelotmalmedy.be\/wp-content\/uploads\/2026\/02\/fario-60-Lucas-2025-768x536.jpg 768w, https:\/\/www.latruitestavelotmalmedy.be\/wp-content\/uploads\/2026\/02\/fario-60-Lucas-2025-209x146.jpg 209w, https:\/\/www.latruitestavelotmalmedy.be\/wp-content\/uploads\/2026\/02\/fario-60-Lucas-2025-50x35.jpg 50w, https:\/\/www.latruitestavelotmalmedy.be\/wp-content\/uploads\/2026\/02\/fario-60-Lucas-2025-107x75.jpg 107w\" sizes=\"(max-width: 1462px) 100vw, 1462px\" \/><figcaption class=\"wp-element-caption\">youth in the spotlight!<\/figcaption><\/figure>\n<\/figure>\n\n<p>And to keep you entertained, here&#8217;s what&#8217;s in store for 2026:<\/p>\n\n<h2 class=\"wp-block-heading\">RIVIERE:<\/h2>\n\n<div class=\"wp-block-group\"><div class=\"wp-block-group__inner-container is-layout-flow wp-block-group-is-layout-flow\">\n<ul class=\"wp-block-list\">\n<li><strong>NEW 2026<\/strong>: Only the &#8220;all techniques&#8221; card can still be used to catch fish. 1-day and 2-day cards = no-kill! <\/li>\n\n\n\n<li><strong>NEW 2026: <\/strong>fishing with natural bait is no longer authorized on the Petite Ambl\u00e8ve (points 1 to 5 of the courses).<\/li>\n\n\n\n<li>The opening of river trout fishing has been brought forward to the first Saturday in March: 15 days more fishing over the year.<\/li>\n\n\n\n<li>Release of &#8220;speckled&#8221; rainbow trout on the Warche and Ambl\u00e8ve rivers, in parallel with total protection of the fario trout and reinsertion of the &#8220;Ambl\u00e8ve&#8221; stock with truitelles from the provincial hatchery.<\/li>\n\n\n\n<li>6 spills of 24-35cm rainbow trout (910kg total) and 100,000 3-5cm troutelle &#8220;Ambl\u00e8ve&#8221; strain.<\/li>\n\n\n\n<li>All river courses are totally protected for fario trout (no-kill).<\/li>\n\n\n\n<li>The no-kill card now authorizes the harvesting of exotic crayfish.<\/li>\n\n\n\n<li>The organization of a &#8220;lure&#8221; competition on the river: lure competition in teams of 2 on all our river courses (Ambl\u00e8ve and Warche) on Sunday April 19.<\/li>\n\n\n\n<li>The Ambl\u00e8ve FLY challenge by team of three fly fishermen, in 3 rounds including the unprecedented: an evening shot. Rendezvous on Saturday July 11 at the Stavelot and Trois-Ponts river courses. <\/li>\n\n\n\n<li> <strong>New company caps<\/strong> (\u20ac20): on request from a committee member or Alain Leblanc.<\/li>\n<\/ul>\n\n\n\n<figure class=\"wp-block-gallery has-nested-images columns-default is-cropped wp-block-gallery-2 is-layout-flex wp-block-gallery-is-layout-flex\">\n<figure class=\"wp-block-image size-large\"><img loading=\"lazy\" decoding=\"async\" width=\"883\" height=\"1024\" data-id=\"2017\" src=\"https:\/\/www.latruitestavelotmalmedy.be\/wp-content\/uploads\/2026\/02\/casquette-883x1024.jpg\" alt=\"\" class=\"wp-image-2017\" srcset=\"https:\/\/www.latruitestavelotmalmedy.be\/wp-content\/uploads\/2026\/02\/casquette-883x1024.jpg 883w, https:\/\/www.latruitestavelotmalmedy.be\/wp-content\/uploads\/2026\/02\/casquette-259x300.jpg 259w, https:\/\/www.latruitestavelotmalmedy.be\/wp-content\/uploads\/2026\/02\/casquette-768x891.jpg 768w, https:\/\/www.latruitestavelotmalmedy.be\/wp-content\/uploads\/2026\/02\/casquette-1325x1536.jpg 1325w, https:\/\/www.latruitestavelotmalmedy.be\/wp-content\/uploads\/2026\/02\/casquette-1766x2048.jpg 1766w, https:\/\/www.latruitestavelotmalmedy.be\/wp-content\/uploads\/2026\/02\/casquette-126x146.jpg 126w, https:\/\/www.latruitestavelotmalmedy.be\/wp-content\/uploads\/2026\/02\/casquette-43x50.jpg 43w, https:\/\/www.latruitestavelotmalmedy.be\/wp-content\/uploads\/2026\/02\/casquette-65x75.jpg 65w\" sizes=\"(max-width: 883px) 100vw, 883px\" \/><\/figure>\n\n\n\n<figure class=\"wp-block-image size-large\"><img loading=\"lazy\" decoding=\"async\" width=\"683\" height=\"1024\" data-id=\"361\" src=\"https:\/\/www.latruitestavelotmalmedy.be\/wp-content\/uploads\/2021\/05\/rodtrip-5-683x1024.jpg\" alt=\"\" class=\"wp-image-361\" srcset=\"https:\/\/www.latruitestavelotmalmedy.be\/wp-content\/uploads\/2021\/05\/rodtrip-5-683x1024.jpg 683w, https:\/\/www.latruitestavelotmalmedy.be\/wp-content\/uploads\/2021\/05\/rodtrip-5-200x300.jpg 200w, https:\/\/www.latruitestavelotmalmedy.be\/wp-content\/uploads\/2021\/05\/rodtrip-5-768x1152.jpg 768w, https:\/\/www.latruitestavelotmalmedy.be\/wp-content\/uploads\/2021\/05\/rodtrip-5-1024x1536.jpg 1024w, https:\/\/www.latruitestavelotmalmedy.be\/wp-content\/uploads\/2021\/05\/rodtrip-5-97x146.jpg 97w, https:\/\/www.latruitestavelotmalmedy.be\/wp-content\/uploads\/2021\/05\/rodtrip-5-33x50.jpg 33w, https:\/\/www.latruitestavelotmalmedy.be\/wp-content\/uploads\/2021\/05\/rodtrip-5-50x75.jpg 50w, https:\/\/www.latruitestavelotmalmedy.be\/wp-content\/uploads\/2021\/05\/rodtrip-5.jpg 1120w\" sizes=\"(max-width: 683px) 100vw, 683px\" \/><figcaption class=\"wp-element-caption\">speckled bow trout<\/figcaption><\/figure>\n\n\n\n<figure class=\"wp-block-image size-large\"><img loading=\"lazy\" decoding=\"async\" width=\"768\" height=\"1024\" data-id=\"1610\" src=\"https:\/\/www.latruitestavelotmalmedy.be\/wp-content\/uploads\/2024\/02\/fario-60-warche-2023-768x1024.jpeg\" alt=\"\" class=\"wp-image-1610\" srcset=\"https:\/\/www.latruitestavelotmalmedy.be\/wp-content\/uploads\/2024\/02\/fario-60-warche-2023-768x1024.jpeg 768w, https:\/\/www.latruitestavelotmalmedy.be\/wp-content\/uploads\/2024\/02\/fario-60-warche-2023-225x300.jpeg 225w, https:\/\/www.latruitestavelotmalmedy.be\/wp-content\/uploads\/2024\/02\/fario-60-warche-2023-1152x1536.jpeg 1152w, https:\/\/www.latruitestavelotmalmedy.be\/wp-content\/uploads\/2024\/02\/fario-60-warche-2023-110x146.jpeg 110w, https:\/\/www.latruitestavelotmalmedy.be\/wp-content\/uploads\/2024\/02\/fario-60-warche-2023-38x50.jpeg 38w, https:\/\/www.latruitestavelotmalmedy.be\/wp-content\/uploads\/2024\/02\/fario-60-warche-2023-56x75.jpeg 56w, https:\/\/www.latruitestavelotmalmedy.be\/wp-content\/uploads\/2024\/02\/fario-60-warche-2023.jpeg 1536w\" sizes=\"(max-width: 768px) 100vw, 768px\" \/><figcaption class=\"wp-element-caption\">fario 63cm Warche 2023<\/figcaption><\/figure>\n\n\n\n<figure class=\"wp-block-image size-large\"><img loading=\"lazy\" decoding=\"async\" width=\"1024\" height=\"1024\" data-id=\"470\" src=\"https:\/\/www.latruitestavelotmalmedy.be\/wp-content\/uploads\/2021\/05\/alevins-2021-1024x1024.jpg\" alt=\"\" class=\"wp-image-470\" srcset=\"https:\/\/www.latruitestavelotmalmedy.be\/wp-content\/uploads\/2021\/05\/alevins-2021-1024x1024.jpg 1024w, https:\/\/www.latruitestavelotmalmedy.be\/wp-content\/uploads\/2021\/05\/alevins-2021-300x300.jpg 300w, https:\/\/www.latruitestavelotmalmedy.be\/wp-content\/uploads\/2021\/05\/alevins-2021-150x150.jpg 150w, https:\/\/www.latruitestavelotmalmedy.be\/wp-content\/uploads\/2021\/05\/alevins-2021-768x768.jpg 768w, https:\/\/www.latruitestavelotmalmedy.be\/wp-content\/uploads\/2021\/05\/alevins-2021-1536x1536.jpg 1536w, https:\/\/www.latruitestavelotmalmedy.be\/wp-content\/uploads\/2021\/05\/alevins-2021-2048x2048.jpg 2048w, https:\/\/www.latruitestavelotmalmedy.be\/wp-content\/uploads\/2021\/05\/alevins-2021-146x146.jpg 146w, https:\/\/www.latruitestavelotmalmedy.be\/wp-content\/uploads\/2021\/05\/alevins-2021-50x50.jpg 50w, https:\/\/www.latruitestavelotmalmedy.be\/wp-content\/uploads\/2021\/05\/alevins-2021-75x75.jpg 75w, https:\/\/www.latruitestavelotmalmedy.be\/wp-content\/uploads\/2021\/05\/alevins-2021-85x85.jpg 85w, https:\/\/www.latruitestavelotmalmedy.be\/wp-content\/uploads\/2021\/05\/alevins-2021-80x80.jpg 80w\" sizes=\"(max-width: 1024px) 100vw, 1024px\" \/><figcaption class=\"wp-element-caption\">trout fingerlings<\/figcaption><\/figure>\n\n\n\n<figure class=\"wp-block-image size-large\"><img loading=\"lazy\" decoding=\"async\" width=\"1024\" height=\"1024\" data-id=\"1613\" src=\"https:\/\/www.latruitestavelotmalmedy.be\/wp-content\/uploads\/2024\/02\/fario-60-Ambleve-2023-1024x1024.jpeg\" alt=\"\" class=\"wp-image-1613\" srcset=\"https:\/\/www.latruitestavelotmalmedy.be\/wp-content\/uploads\/2024\/02\/fario-60-Ambleve-2023-1024x1024.jpeg 1024w, https:\/\/www.latruitestavelotmalmedy.be\/wp-content\/uploads\/2024\/02\/fario-60-Ambleve-2023-300x300.jpeg 300w, https:\/\/www.latruitestavelotmalmedy.be\/wp-content\/uploads\/2024\/02\/fario-60-Ambleve-2023-150x150.jpeg 150w, https:\/\/www.latruitestavelotmalmedy.be\/wp-content\/uploads\/2024\/02\/fario-60-Ambleve-2023-768x768.jpeg 768w, https:\/\/www.latruitestavelotmalmedy.be\/wp-content\/uploads\/2024\/02\/fario-60-Ambleve-2023-146x146.jpeg 146w, https:\/\/www.latruitestavelotmalmedy.be\/wp-content\/uploads\/2024\/02\/fario-60-Ambleve-2023-50x50.jpeg 50w, https:\/\/www.latruitestavelotmalmedy.be\/wp-content\/uploads\/2024\/02\/fario-60-Ambleve-2023-75x75.jpeg 75w, https:\/\/www.latruitestavelotmalmedy.be\/wp-content\/uploads\/2024\/02\/fario-60-Ambleve-2023-85x85.jpeg 85w, https:\/\/www.latruitestavelotmalmedy.be\/wp-content\/uploads\/2024\/02\/fario-60-Ambleve-2023-80x80.jpeg 80w, https:\/\/www.latruitestavelotmalmedy.be\/wp-content\/uploads\/2024\/02\/fario-60-Ambleve-2023.jpeg 1532w\" sizes=\"(max-width: 1024px) 100vw, 1024px\" \/><figcaption class=\"wp-element-caption\">Fario 60cm Ambl\u00e8ve 2023<\/figcaption><\/figure>\n\n\n\n<figure class=\"wp-block-image size-large\"><img loading=\"lazy\" decoding=\"async\" width=\"577\" height=\"1024\" data-id=\"1791\" src=\"https:\/\/www.latruitestavelotmalmedy.be\/wp-content\/uploads\/2025\/02\/stage-2024-2-577x1024.jpg\" alt=\"\" class=\"wp-image-1791\" srcset=\"https:\/\/www.latruitestavelotmalmedy.be\/wp-content\/uploads\/2025\/02\/stage-2024-2-577x1024.jpg 577w, https:\/\/www.latruitestavelotmalmedy.be\/wp-content\/uploads\/2025\/02\/stage-2024-2-169x300.jpg 169w, https:\/\/www.latruitestavelotmalmedy.be\/wp-content\/uploads\/2025\/02\/stage-2024-2-768x1364.jpg 768w, https:\/\/www.latruitestavelotmalmedy.be\/wp-content\/uploads\/2025\/02\/stage-2024-2-865x1536.jpg 865w, https:\/\/www.latruitestavelotmalmedy.be\/wp-content\/uploads\/2025\/02\/stage-2024-2-1153x2048.jpg 1153w, https:\/\/www.latruitestavelotmalmedy.be\/wp-content\/uploads\/2025\/02\/stage-2024-2-82x146.jpg 82w, https:\/\/www.latruitestavelotmalmedy.be\/wp-content\/uploads\/2025\/02\/stage-2024-2-28x50.jpg 28w, https:\/\/www.latruitestavelotmalmedy.be\/wp-content\/uploads\/2025\/02\/stage-2024-2-42x75.jpg 42w, https:\/\/www.latruitestavelotmalmedy.be\/wp-content\/uploads\/2025\/02\/stage-2024-2-scaled.jpg 1442w\" sizes=\"(max-width: 577px) 100vw, 577px\" \/><figcaption class=\"wp-element-caption\">Stage 2024<\/figcaption><\/figure>\n<\/figure>\n<\/div><\/div>\n\n<h2 class=\"wp-block-heading\">PONDS:<\/h2>\n\n<ul class=\"wp-block-list\">\n<li><strong>NEW 2026<\/strong>: reopening of fishing after cleaning and improvements on Sunday May 31st.  <\/li>\n\n\n\n<li><strong>NEW 2026<\/strong>: fish reintroduction. In February, 1.5 tons of whitefish and carnivorous fish were spilled, as well as a few sturgeon.  <\/li>\n\n\n\n<li><strong>NEW 2026:<\/strong> Pond festivities on Saturday May 30, with a wide range of fishing activities, brass bands, children&#8217;s games&#8230;<\/li>\n\n\n\n<li><strong>NEW 2026:<\/strong> feeder vs. shot individual day on Saturday 08 August.<\/li>\n\n\n\n<li><strong>NEW 2026<\/strong>: the return of the traditional carnivorous competition on Sunday November 08.<\/li>\n<\/ul>\n\n<figure class=\"wp-block-gallery has-nested-images columns-default is-cropped wp-block-gallery-3 is-layout-flex wp-block-gallery-is-layout-flex\">\n<figure class=\"wp-block-image size-large\"><img loading=\"lazy\" decoding=\"async\" width=\"1024\" height=\"576\" data-id=\"2030\" src=\"https:\/\/www.latruitestavelotmalmedy.be\/wp-content\/uploads\/2026\/02\/etang-2025-1024x576.jpg\" alt=\"\" class=\"wp-image-2030\" srcset=\"https:\/\/www.latruitestavelotmalmedy.be\/wp-content\/uploads\/2026\/02\/etang-2025-1024x576.jpg 1024w, https:\/\/www.latruitestavelotmalmedy.be\/wp-content\/uploads\/2026\/02\/etang-2025-300x169.jpg 300w, https:\/\/www.latruitestavelotmalmedy.be\/wp-content\/uploads\/2026\/02\/etang-2025-768x432.jpg 768w, https:\/\/www.latruitestavelotmalmedy.be\/wp-content\/uploads\/2026\/02\/etang-2025-1536x864.jpg 1536w, https:\/\/www.latruitestavelotmalmedy.be\/wp-content\/uploads\/2026\/02\/etang-2025-2048x1152.jpg 2048w, https:\/\/www.latruitestavelotmalmedy.be\/wp-content\/uploads\/2026\/02\/etang-2025-260x146.jpg 260w, https:\/\/www.latruitestavelotmalmedy.be\/wp-content\/uploads\/2026\/02\/etang-2025-50x28.jpg 50w, https:\/\/www.latruitestavelotmalmedy.be\/wp-content\/uploads\/2026\/02\/etang-2025-133x75.jpg 133w, https:\/\/www.latruitestavelotmalmedy.be\/wp-content\/uploads\/2026\/02\/etang-2025-1200x675.jpg 1200w\" sizes=\"(max-width: 1024px) 100vw, 1024px\" \/><figcaption class=\"wp-element-caption\">End of 2025<\/figcaption><\/figure>\n<\/figure>\n\n<figure class=\"wp-block-gallery has-nested-images columns-default is-cropped wp-block-gallery-4 is-layout-flex wp-block-gallery-is-layout-flex\">\n<figure class=\"wp-block-image size-large\"><img loading=\"lazy\" decoding=\"async\" width=\"1024\" height=\"576\" data-id=\"2033\" src=\"https:\/\/www.latruitestavelotmalmedy.be\/wp-content\/uploads\/2026\/02\/etang-2026-1024x576.jpg\" alt=\"\" class=\"wp-image-2033\" srcset=\"https:\/\/www.latruitestavelotmalmedy.be\/wp-content\/uploads\/2026\/02\/etang-2026-1024x576.jpg 1024w, https:\/\/www.latruitestavelotmalmedy.be\/wp-content\/uploads\/2026\/02\/etang-2026-300x169.jpg 300w, https:\/\/www.latruitestavelotmalmedy.be\/wp-content\/uploads\/2026\/02\/etang-2026-768x432.jpg 768w, https:\/\/www.latruitestavelotmalmedy.be\/wp-content\/uploads\/2026\/02\/etang-2026-1536x864.jpg 1536w, https:\/\/www.latruitestavelotmalmedy.be\/wp-content\/uploads\/2026\/02\/etang-2026-2048x1152.jpg 2048w, https:\/\/www.latruitestavelotmalmedy.be\/wp-content\/uploads\/2026\/02\/etang-2026-260x146.jpg 260w, https:\/\/www.latruitestavelotmalmedy.be\/wp-content\/uploads\/2026\/02\/etang-2026-50x28.jpg 50w, https:\/\/www.latruitestavelotmalmedy.be\/wp-content\/uploads\/2026\/02\/etang-2026-133x75.jpg 133w, https:\/\/www.latruitestavelotmalmedy.be\/wp-content\/uploads\/2026\/02\/etang-2026-1200x675.jpg 1200w\" sizes=\"(max-width: 1024px) 100vw, 1024px\" \/><figcaption class=\"wp-element-caption\">January 2026<\/figcaption><\/figure>\n<\/figure>\n","protected":false},"excerpt":{"rendered":"<p>Our fishing club is managed by a 17-member volunteer committee. This dynamic team aims to offer everyone the chance to enjoy their favorite pastime in the<span class=\"excerpt-hellip\"> [\u2026]<\/span><\/p>\n","protected":false},"author":1,"featured_media":0,"parent":0,"menu_order":0,"comment_status":"closed","ping_status":"closed","template":"","meta":{"footnotes":""},"class_list":["post-1142","page","type-page","status-publish","hentry"],"_links":{"self":[{"href":"https:\/\/www.latruitestavelotmalmedy.be\/en\/wp-json\/wp\/v2\/pages\/1142","targetHints":{"allow":["GET"]}}],"collection":[{"href":"https:\/\/www.latruitestavelotmalmedy.be\/en\/wp-json\/wp\/v2\/pages"}],"about":[{"href":"https:\/\/www.latruitestavelotmalmedy.be\/en\/wp-json\/wp\/v2\/types\/page"}],"author":[{"embeddable":true,"href":"https:\/\/www.latruitestavelotmalmedy.be\/en\/wp-json\/wp\/v2\/users\/1"}],"replies":[{"embeddable":true,"href":"https:\/\/www.latruitestavelotmalmedy.be\/en\/wp-json\/wp\/v2\/comments?post=1142"}],"version-history":[{"count":19,"href":"https:\/\/www.latruitestavelotmalmedy.be\/en\/wp-json\/wp\/v2\/pages\/1142\/revisions"}],"predecessor-version":[{"id":2274,"href":"https:\/\/www.latruitestavelotmalmedy.be\/en\/wp-json\/wp\/v2\/pages\/1142\/revisions\/2274"}],"wp:attachment":[{"href":"https:\/\/www.latruitestavelotmalmedy.be\/en\/wp-json\/wp\/v2\/media?parent=1142"}],"curies":[{"name":"wp","href":"https:\/\/api.w.org\/{rel}","templated":true}]}}